{"id":2,"date":"2011-06-14T17:53:48","date_gmt":"2011-06-14T17:53:48","guid":{"rendered":"http:\/\/circoloco.com\/?page_id=2"},"modified":"2023-09-13T05:14:21","modified_gmt":"2023-09-13T05:14:21","slug":"bio","status":"publish","type":"page","link":"https:\/\/circoloco.com\/en\/","title":{"rendered":"Biography"},"content":{"rendered":"<p><\/p>\n<blockquote><p><strong>CIRCO LOCO: Mexico 1997, Patto and Julie founded a new international Street Circus Company, CiRco LoCo Productions. They travel the globe presenting their shows in different Corporated and Special Events, Festivals and Street Performing <\/strong><\/p>\n<p style=\"text-align: justify;\">On the road for the last 2 decades, we find them as Circus Artists, Argentine Tango Dancers, Knife Thrower and Tribal Belly Dancer.<\/p>\n<div id='gallery-2' class='gallery galleryid-2 gallery-columns-3 gallery-size-thumbnail'><figure class='gallery-item'>\n\t\t\t<div class='gallery-icon portrait'>\n\t\t\t\t<a href='https:\/\/circoloco.com\/en\/bio\/foto2016frompublic7\/'><img loading=\"lazy\" decoding=\"async\" width=\"150\" height=\"150\" src=\"https:\/\/circoloco.com\/wp-content\/uploads\/2011\/06\/foto2016frompublic7-150x150.jpg\" class=\"attachment-thumbnail size-thumbnail\" alt=\"\" \/><\/a>\n\t\t\t<\/div><\/figure><figure class='gallery-item'>\n\t\t\t<div class='gallery-icon landscape'>\n\t\t\t\t<a href='https:\/\/circoloco.com\/en\/bio\/20140824img_6806b\/'><img loading=\"lazy\" decoding=\"async\" width=\"150\" height=\"150\" src=\"https:\/\/circoloco.com\/wp-content\/uploads\/2011\/06\/20140824IMG_6806b-150x150.jpg\" class=\"attachment-thumbnail size-thumbnail\" alt=\"\" \/><\/a>\n\t\t\t<\/div><\/figure><figure class='gallery-item'>\n\t\t\t<div class='gallery-icon landscape'>\n\t\t\t\t<a href='https:\/\/circoloco.com\/en\/bio\/playa-casa-cult-swinging-2\/'><img loading=\"lazy\" decoding=\"async\" width=\"150\" height=\"150\" src=\"https:\/\/circoloco.com\/wp-content\/uploads\/2011\/06\/Playa-casa-cult-swinging-2-150x150.jpg\" class=\"attachment-thumbnail size-thumbnail\" alt=\"\" \/><\/a>\n\t\t\t<\/div><\/figure><figure class='gallery-item'>\n\t\t\t<div class='gallery-icon portrait'>\n\t\t\t\t<a href='https:\/\/circoloco.com\/en\/circo-loco\/'><img loading=\"lazy\" decoding=\"async\" width=\"150\" height=\"150\" src=\"https:\/\/circoloco.com\/wp-content\/uploads\/2019\/02\/CiRcO-LoCo-150x150.jpg\" class=\"attachment-thumbnail size-thumbnail\" alt=\"\" \/><\/a>\n\t\t\t<\/div><\/figure><figure class='gallery-item'>\n\t\t\t<div class='gallery-icon landscape'>\n\t\t\t\t<a href='https:\/\/circoloco.com\/en\/bio\/playa-casa-cult-fouet\/'><img loading=\"lazy\" decoding=\"async\" width=\"150\" height=\"150\" src=\"https:\/\/circoloco.com\/wp-content\/uploads\/2011\/06\/Playa-casa-cult-fouet-150x150.jpg\" class=\"attachment-thumbnail size-thumbnail\" alt=\"\" \/><\/a>\n\t\t\t<\/div><\/figure><figure class='gallery-item'>\n\t\t\t<div class='gallery-icon landscape'>\n\t\t\t\t<a href='https:\/\/circoloco.com\/en\/bio\/playa-casa-cult-colonne-2\/'><img loading=\"lazy\" decoding=\"async\" width=\"150\" height=\"150\" src=\"https:\/\/circoloco.com\/wp-content\/uploads\/2011\/06\/Playa-casa-cult-colonne-2-150x150.jpg\" class=\"attachment-thumbnail size-thumbnail\" alt=\"\" \/><\/a>\n\t\t\t<\/div><\/figure><figure class='gallery-item'>\n\t\t\t<div class='gallery-icon landscape'>\n\t\t\t\t<a href='https:\/\/circoloco.com\/en\/bio\/20140823img_4567b\/'><img loading=\"lazy\" decoding=\"async\" width=\"150\" height=\"150\" src=\"https:\/\/circoloco.com\/wp-content\/uploads\/2011\/06\/20140823IMG_4567b-150x150.jpg\" class=\"attachment-thumbnail size-thumbnail\" alt=\"\" \/><\/a>\n\t\t\t<\/div><\/figure><figure class='gallery-item'>\n\t\t\t<div class='gallery-icon landscape'>\n\t\t\t\t<a href='https:\/\/circoloco.com\/en\/bio\/playa-casa-cult-plumes\/'><img loading=\"lazy\" decoding=\"async\" width=\"150\" height=\"150\" src=\"https:\/\/circoloco.com\/wp-content\/uploads\/2011\/06\/Playa-casa-cult-plumes-150x150.jpg\" class=\"attachment-thumbnail size-thumbnail\" alt=\"\" \/><\/a>\n\t\t\t<\/div><\/figure><figure class='gallery-item'>\n\t\t\t<div class='gallery-icon portrait'>\n\t\t\t\t<a href='https:\/\/circoloco.com\/en\/bio\/bio-julie\/'><img loading=\"lazy\" decoding=\"async\" width=\"150\" height=\"150\" src=\"https:\/\/circoloco.com\/wp-content\/uploads\/2011\/06\/bio-julie-150x150.jpg\" class=\"attachment-thumbnail size-thumbnail\" alt=\"\" \/><\/a>\n\t\t\t<\/div><\/figure>\n\t\t<\/div>\n<\/blockquote>\n<h2>Last Appearances<\/h2>\n<p>Downtown Victoria Buskers Festival, British Colombia, Canada<\/p>\n<p>Casa de la Cultura, Playa del Carmen, Mexico<\/p>\n<p>Waterloo Busker Carnival, Waterloo, Ontario, Canada<\/p>\n<p>International&nbsp; Dundas Buskerfest, Dundas, Ontario, Canada<\/p>\n<p>Toronto Buskerfest, Toronto, Ontario, Canada<\/p>\n<p>Port credit Buskerfest, Port credit, Ontario, Canada<\/p>\n<p>F\u00eate de l&#8217;Halloween, La Pocati\u00e8re, Qu\u00e9bec, Canada<\/p>\n<p>Inter-Play Festival, Fort McMurray, Alberta, Canada<\/p>\n<p>Buskers on the Boardwalk, St-John, New-Brunswick, Canada<\/p>\n<p>Concerts de la Cit\u00e9, Sherbrooke, Qu\u00e9bec, Canada<\/p>\n<p>Dundas International Buskerfest, Dundas, Ontario, Canada<\/p>\n<p>Canadian National Exhibition, Toronto, Ontario, Canada<\/p>\n<p>Mood Indigo Festival, Mumba\u00ef, India<\/p>\n<p>Waterloo Busker Carnival, Waterloo, Canada<\/p>\n<p>MAP&#8217;s Festival, Qu\u00e9bec, Canada<\/p>\n<p>Street Artists Festival, Vevey, Switzerland<\/p>\n<p>Bayside Market Place, Miami, Florida, USA.<\/p>\n<p>Ocean Dr. and Lincoln Rd., South Miami Beach, Florida, USA.<\/p>\n<p>ArtDeco Weekend, South Miami Beach, Florida, USA.<\/p>\n<p>Quebec City 400th Anniversary, Old-Quebec, Canada.<\/p>\n<p>Cabaret Event at Dream Night Club, Le Cabaret du Chat Noir, South Miami Beach, Florida, USA.<\/p>\n<p>Old-Quebec, Qc, Canada.<\/p>\n<p>Quebec National Holiday Fest, St-Eustache, Qc, Canada.<\/p>\n<p>Tele-Mundo Company Cabaret Event, Miami, Florida, USA.<\/p>\n<p>Annual Christmas Broadway Fest, Queens, New York, USA.<\/p>\n<p>La Luna Caballera&#8217;s Circus, N.-D. Du Rosaire&#8217;s Yesterday&#8217;s Color Fest , Qc, Canada.<\/p>\n<p>Savannah pier, Georgia, USA.<\/p>\n<p>RedLand Rennaissance Fair, Homestead, FLorida, USA.<\/p>\n<p>Sunset Celebration at Mallory Square, Key West, Florida, USA.<\/p>\n<p>World&#8217;s Street Performers Fest, Trois-Rivi\u00e8res, Qc, Canada.<\/p>\n<p>Acton Vale Agriculture&#8217;s Fair, Acton Vale, Qc, Canada.<\/p>\n<p>Becancour&#8217;s Hot-Air Balloon Festival, Becancour, Qc, Canada.<\/p>\n<p>Old-Wharf Fest, Sept-\u00eeles, Qc, Canada.<\/p>\n<p>Delisle&#8217;s Gourmand Fest, Alma, Qc, Canada.<\/p>\n<p>Canada Day Fest, Val-D&#8217;Or, Qc, Canada.<\/p>\n<p>Quebec National Holiday Fest, Chicoutimi, Qc, Canada.<\/p>\n<p>Montreal Enlight Festival, Mtl, Qc, Canada.<\/p>\n<p>Cap de la Madeleine&#8217;s Street Performers Festival, Qc, Canada.<\/p>\n<p>Cascades Canada Inc. Event, Qc, Canada.<\/p>\n<p>Montreal Island&#8217;s Gourmand Fest, Qc, Canada.<\/p>\n<p>Quebec Summer Festival, Qu\u00e9bec, Canada.<\/p>\n<p>Montreal International Jazz Festival, Qc, Canada.<\/p>\n<p>Quebec&#8217;s Government Promotional Event &#8220;Qu\u00e9bec-On-Hudson Tour&#8221;, New York State, USA.<\/p>\n<p>Old-Port of Montreal, Qc, Canada.<\/p>\n<p>Canada Day Fest, Ottawa, Ont, Canada<br \/>\n.<br \/>\nQuebec National Holiday Fest, Montr\u00e9al, Qc, Canada.<\/p>\n<p>Montreal Working Holiday Fest, Vieux-Montr\u00e9al, Qc, Canada.<\/p>\n<p>Just for Laugh Festival Cabaret, Montr\u00e9al, Qc, Canada.<\/p>\n<p>St-Sauveur, Qc, Canada. 1999.- Just for Laugh Festival, Qc, Canada.<\/p>\n<p>Quebec National Holiday Fest, Sherbrooke, Qc, Canada.<\/p>\n<p>Varennes City Fest, Qc, Canada.<\/p>\n<h2>Training\/Workshops<\/h2>\n<p>Salsa, Roberto Arrenales Jr, Longueuil, Canada.<br \/>\nBurlesque, Mlle Oui Oui Encore, Montr\u00e9al, Canada.<br \/>\nPopping, Studio Montr\u00e9al-Paris, Mecdy&#8221;Venom&#8221;, Montr\u00e9al, Canada.<br \/>\nContemporary Jazz, Simonson technique, Liisa Saario, Montr\u00e9al, Canada.<br \/>\nClassical Ballet, Diane Rivest\/Annick Taillon, Montr\u00e9al, Canada.<br \/>\nTribal Fusion, Jill Parker, Qu\u00e9bec, Canada.<br \/>\nClassical Ballet, Annick Taillon Academy, Montr\u00e9al, Canada.<br \/>\nJazz Ballet, Broadway Academy, Ste-Marie, Canada.<br \/>\nDark Fusion Tribal Bellydance, Asharah, Qu\u00e9bec, Canada.<br \/>\nTribal Fusion Bellydance, Moria Chappell, Qu\u00e9bec, Canada.<br \/>\nTribal Fusion, Kami Liddle, Montr\u00e9al, Canada.<br \/>\nTurkish Roman Fusion, Elizabeth Strong, Qu\u00e9bec, Canada.<br \/>\nRealist Theater, Charles Mayer, Montr\u00e9al, Canada.<br \/>\nBozenka&#8217;s Bellydance Academy, Miami Beach, Fl USA.<br \/>\nRay Sullivan&#8217; Modern Dance School, Miami Beach, Fl USA.<br \/>\nMiami City Ballet,&nbsp; Miami, USA.<br \/>\nGustavo Naveira y Giselle Ann -Tango Argentino Seminario, Bs.As. Argentina.<br \/>\nCapo\u00efera Na\u00e7ao Dance School Mestre DiAlabama, South Beach Miami, Fl USA.<br \/>\nEscuela Argentina de Tango y Escuela Carlos Coppello, Bs.As. Argentina.<br \/>\nBuenos Aires Circus School Circo Criollo, Bs.As. Argentina.<br \/>\nQu\u00e9bec&#8217;s Circus School, Qu\u00e9bec Canada.<br \/>\nOtto Heisenheimer Theater Academy, Montr\u00e9al, Canada.<br \/>\nTrapeze School Le Noeud D&#8217;Erseau, Montr\u00e9al, Canada.<br \/>\nCasa Payaso&#8217;s Circus School, Santiago, Chile.<\/p>","protected":false},"excerpt":{"rendered":"<p>CIRCO LOCO: Mexico 1997, Patto and Julie founded a new international Street Circus Company, CiRco LoCo Productions. They travel the globe presenting their shows in different Corporated and Special Events, Festivals and Street Performing On the road for the last 2 decades, we find them as Circus Artists, Argentine Tango Dancers, Knife Thrower and Tribal<span class=\"dots\"> &hellip; <\/span><span class=\"link-more\"><a href=\"https:\/\/circoloco.com\/en\/\" class=\"more-link\">Read more <span class=\"screen-reader-text\">&#8220;Biography&#8221;<\/span><\/a><\/span><\/p>\n","protected":false},"author":2,"featured_media":0,"parent":0,"menu_order":1,"comment_status":"closed","ping_status":"closed","template":"","meta":{"ngg_post_thumbnail":0,"footnotes":""},"class_list":["post-2","page","type-page","status-publish","hentry"],"_links":{"self":[{"href":"https:\/\/circoloco.com\/en\/wp-json\/wp\/v2\/pages\/2","targetHints":{"allow":["GET"]}}],"collection":[{"href":"https:\/\/circoloco.com\/en\/wp-json\/wp\/v2\/pages"}],"about":[{"href":"https:\/\/circoloco.com\/en\/wp-json\/wp\/v2\/types\/page"}],"author":[{"embeddable":true,"href":"https:\/\/circoloco.com\/en\/wp-json\/wp\/v2\/users\/2"}],"replies":[{"embeddable":true,"href":"https:\/\/circoloco.com\/en\/wp-json\/wp\/v2\/comments?post=2"}],"version-history":[{"count":124,"href":"https:\/\/circoloco.com\/en\/wp-json\/wp\/v2\/pages\/2\/revisions"}],"predecessor-version":[{"id":494,"href":"https:\/\/circoloco.com\/en\/wp-json\/wp\/v2\/pages\/2\/revisions\/494"}],"wp:attachment":[{"href":"https:\/\/circoloco.com\/en\/wp-json\/wp\/v2\/media?parent=2"}],"curies":[{"name":"wp","href":"https:\/\/api.w.org\/{rel}","templated":true}]}}