{"id":2,"date":"2011-06-14T17:53:48","date_gmt":"2011-06-14T17:53:48","guid":{"rendered":"http:\/\/circoloco.com\/?page_id=2"},"modified":"2023-09-13T05:14:21","modified_gmt":"2023-09-13T05:14:21","slug":"bio","status":"publish","type":"page","link":"https:\/\/circoloco.com\/es\/","title":{"rendered":"Biografia"},"content":{"rendered":"<p><\/p>\n<blockquote><p><strong>CIRCO LOCO:<\/strong><strong> Mexico 1997, Patto y Julie crearon un nuevo Circo international de Calle, el CiRcO LoCo. Viajan la Tierra presentando sus Espectuculos en Eventos Corporativos y Especiales, Festivales y Teatro Itinerante.<\/strong><\/p>\n<p>En la ruta desde mucho tiempo, los vemos hoy como Artista de Circo, bailarines de Tango Argentino, Tirador de Cuchillos y bailarina de Tribal Belly Dance.<\/p>\n<div id='gallery-1' class='gallery galleryid-2 gallery-columns-3 gallery-size-thumbnail'><figure class='gallery-item'>\n\t\t\t<div class='gallery-icon portrait'>\n\t\t\t\t<a href='https:\/\/circoloco.com\/es\/bio\/foto2016frompublic7\/'><img loading=\"lazy\" decoding=\"async\" width=\"150\" height=\"150\" src=\"https:\/\/circoloco.com\/wp-content\/uploads\/2011\/06\/foto2016frompublic7-150x150.jpg\" class=\"attachment-thumbnail size-thumbnail\" alt=\"\" \/><\/a>\n\t\t\t<\/div><\/figure><figure class='gallery-item'>\n\t\t\t<div class='gallery-icon landscape'>\n\t\t\t\t<a href='https:\/\/circoloco.com\/es\/bio\/20140824img_6806b\/'><img loading=\"lazy\" decoding=\"async\" width=\"150\" height=\"150\" src=\"https:\/\/circoloco.com\/wp-content\/uploads\/2011\/06\/20140824IMG_6806b-150x150.jpg\" class=\"attachment-thumbnail size-thumbnail\" alt=\"\" \/><\/a>\n\t\t\t<\/div><\/figure><figure class='gallery-item'>\n\t\t\t<div class='gallery-icon landscape'>\n\t\t\t\t<a href='https:\/\/circoloco.com\/es\/bio\/playa-casa-cult-swinging-2\/'><img loading=\"lazy\" decoding=\"async\" width=\"150\" height=\"150\" src=\"https:\/\/circoloco.com\/wp-content\/uploads\/2011\/06\/Playa-casa-cult-swinging-2-150x150.jpg\" class=\"attachment-thumbnail size-thumbnail\" alt=\"\" \/><\/a>\n\t\t\t<\/div><\/figure><figure class='gallery-item'>\n\t\t\t<div class='gallery-icon portrait'>\n\t\t\t\t<a href='https:\/\/circoloco.com\/es\/circo-loco\/'><img loading=\"lazy\" decoding=\"async\" width=\"150\" height=\"150\" src=\"https:\/\/circoloco.com\/wp-content\/uploads\/2019\/02\/CiRcO-LoCo-150x150.jpg\" class=\"attachment-thumbnail size-thumbnail\" alt=\"\" \/><\/a>\n\t\t\t<\/div><\/figure><figure class='gallery-item'>\n\t\t\t<div class='gallery-icon landscape'>\n\t\t\t\t<a href='https:\/\/circoloco.com\/es\/bio\/playa-casa-cult-fouet\/'><img loading=\"lazy\" decoding=\"async\" width=\"150\" height=\"150\" src=\"https:\/\/circoloco.com\/wp-content\/uploads\/2011\/06\/Playa-casa-cult-fouet-150x150.jpg\" class=\"attachment-thumbnail size-thumbnail\" alt=\"\" \/><\/a>\n\t\t\t<\/div><\/figure><figure class='gallery-item'>\n\t\t\t<div class='gallery-icon landscape'>\n\t\t\t\t<a href='https:\/\/circoloco.com\/es\/bio\/playa-casa-cult-colonne-2\/'><img loading=\"lazy\" decoding=\"async\" width=\"150\" height=\"150\" src=\"https:\/\/circoloco.com\/wp-content\/uploads\/2011\/06\/Playa-casa-cult-colonne-2-150x150.jpg\" class=\"attachment-thumbnail size-thumbnail\" alt=\"\" \/><\/a>\n\t\t\t<\/div><\/figure><figure class='gallery-item'>\n\t\t\t<div class='gallery-icon landscape'>\n\t\t\t\t<a href='https:\/\/circoloco.com\/es\/bio\/20140823img_4567b\/'><img loading=\"lazy\" decoding=\"async\" width=\"150\" height=\"150\" src=\"https:\/\/circoloco.com\/wp-content\/uploads\/2011\/06\/20140823IMG_4567b-150x150.jpg\" class=\"attachment-thumbnail size-thumbnail\" alt=\"\" \/><\/a>\n\t\t\t<\/div><\/figure><figure class='gallery-item'>\n\t\t\t<div class='gallery-icon landscape'>\n\t\t\t\t<a href='https:\/\/circoloco.com\/es\/bio\/playa-casa-cult-plumes\/'><img loading=\"lazy\" decoding=\"async\" width=\"150\" height=\"150\" src=\"https:\/\/circoloco.com\/wp-content\/uploads\/2011\/06\/Playa-casa-cult-plumes-150x150.jpg\" class=\"attachment-thumbnail size-thumbnail\" alt=\"\" \/><\/a>\n\t\t\t<\/div><\/figure><figure class='gallery-item'>\n\t\t\t<div class='gallery-icon portrait'>\n\t\t\t\t<a href='https:\/\/circoloco.com\/es\/bio\/bio-julie\/'><img loading=\"lazy\" decoding=\"async\" width=\"150\" height=\"150\" src=\"https:\/\/circoloco.com\/wp-content\/uploads\/2011\/06\/bio-julie-150x150.jpg\" class=\"attachment-thumbnail size-thumbnail\" alt=\"\" \/><\/a>\n\t\t\t<\/div><\/figure>\n\t\t<\/div>\n<\/blockquote>\n<h2>Ultimas Apariciones<\/h2>\n<p>Downtown Victoria Buskers Festival, British Colombia, Canada<\/p>\n<p>Casa de la Cultura, Playa del Carmen, Mexico<\/p>\n<p>Waterloo Busker Carnival, Waterloo, Ontario, Canada<\/p>\n<p>IInternational&nbsp; Dundas Buskerfest, Dundas, Ontario, Canada<\/p>\n<p>Toronto Buskerfest, Toronto, Ontario, Canada<\/p>\n<p>Port Credit Buskerfest, Port credit, Ontario, Canada<\/p>\n<p>F\u00eate de l&#8217;Halloween, La Pocati\u00e8re, Qu\u00e9bec, Canada<\/p>\n<p>Inter-Play Festival, Fort McMurray, Alberta, Canada<\/p>\n<p>Buskers on the Boardwalk, St-John, New-Brunswick, Canada<\/p>\n<p>Concerts de la Cit\u00e9, Sherbrooke, Qu\u00e9bec, Canada<\/p>\n<p>Dundas International Buskerfest, Dundas, Ontario, Canada<\/p>\n<p>Canadian National Exhibition, Toronto, Ontario, Canada<\/p>\n<p>Mood Indigo Festival, Mumba\u00ef, India<\/p>\n<p>Waterloo Busker Carnival, Waterloo, Canada<\/p>\n<p>Festival MAP, Qu\u00e9bec, Canada<\/p>\n<p>Festival de Artistas de Calle, Vevey, Suiza<\/p>\n<p>Bayside Market Place, Miami, Florida, USA.<\/p>\n<p>Ocean Dr. and Lincoln Rd., South Miami Beach, Florida, USA.<\/p>\n<p>ArtDeco Weekend, South Miami Beach, Florida, USA.<\/p>\n<p>400 Anniversario de la Ciudad de Qu\u00e9bec, Viejo-Qu\u00e9bec, Canada.<\/p>\n<p>Eventos Cabaret al Dream Night Club, Le Cabaret du Chat Noir, South Miami Beach, Florida, USA.<\/p>\n<p>Viejo-Qu\u00e9bec, Qu\u00e9bec, Canada.<\/p>\n<p>Fiesta Nacional de Quebec, St-Eustache, Qc, Canada.<\/p>\n<p>Evento Cabaret de Empresa T\u00e9l\u00e9-Mundo, Miami, Florida, USA.<\/p>\n<p>Fiesta Annual de Navidad, Queens, New York, USA.<\/p>\n<p>Circo \u00abLa Luna Caballera\u00bb, Fiesta de los Colores de Ayer de N.-D. Du Rosaire, Qc, Canada.<\/p>\n<p>Savannah pier, Georgia, USA.<\/p>\n<p>RedLand Rennaissance Fair, Homestead, FLorida, USA.<\/p>\n<p>Sunset Celebration at Mallory Square, Key West, Florida, USA<\/p>\n<p>Encuentro Mundial de Teatro Itinerante, Trois-Rivi\u00e8res, Qc, Canada.<\/p>\n<p>Evento de Agricultura de Acton Vale, Acton Vale, Qc, Canada.<\/p>\n<p>Festival de Aerostato de Becancour, Becancour, Qc, Canada.<\/p>\n<p>Fiesta del Viejo Muelle, Sept-\u00eeles, Qc, Canada.<\/p>\n<p>Fiesta Comil\u00f2n Delisle, Alma, Qc, Canada.<\/p>\n<p>Fiesta del Canada, Val-D&#8217;Or, Qc, Canada.<\/p>\n<p>Fiesta Nacional de Quebec, Chicoutimi, Qc, Canada.<\/p>\n<p>Festival de Luz de Montr\u00e9al, Mtl, Qc, Canada.<\/p>\n<p>Festival des Artistas de Calle, Cap de la Madeleine, Qc, Canada.<\/p>\n<p>Evento Corporativo Cascades Canada Inc., Qc, Canada.<\/p>\n<p>Fiesta Comil\u00f2n de la Isla de Montr\u00e9al, Qc, Canada.<\/p>\n<p>Festival de Verano de la Ciudad de Qu\u00e9bec, Qu\u00e9bec, Canada.<\/p>\n<p>Festival Internacional de Jazz de Montr\u00e9al, Qc, Canada.<\/p>\n<p>Evento Especial Promocional del Gobierno de Quebec \u00abQu\u00e9bec-On-Hudson Tour\u00bb, New York State, USA.<\/p>\n<p>Viejo-Puerto de Montreal, Qc, Canada.<\/p>\n<p>Fiesta del Canada, Ottawa, Ont, Canada.<\/p>\n<p>Fiesta Nacional de Quebec, Montr\u00e9al, Qc, Canada.<\/p>\n<p>Fiesta del Trabajo en la ciudad de Mtl, Viejo-Montr\u00e9al, Qc, Canada.<\/p>\n<p>Cabaret del Festival \u00abSolamente para Reir\u00bb, Montr\u00e9al, Qc, Canada.<\/p>\n<p>Ciudad de St-Sauveur, Qc, Canada.<\/p>\n<p>Festival \u00abSolamente para Reir\u00bb, Qc, Canada.<\/p>\n<p>Fiesta Nacional de Quebec, Sherbrooke, Qc, Canada.<\/p>\n<p>Fiesta de la Ciudad de Varennes, Qc, Canada.<\/p>\n<h2>Entrenamientos\/Talleres<\/h2>\n<p>Salsa, Roberto Arrenales Jr, Longueuil, Canada.<br \/>\nBurlesco, Mlle Oui Oui Encore, Montr\u00e9al, Canada.<br \/>\nPopping, Studio Montr\u00e9al-Paris, Mecdy\u00bbVenom\u00bb, Montr\u00e9al, Canada.<br \/>\nJazz Comtempora\u00f1o techn\u00edca Simonson, Liisa Saario, Montr\u00e9al, Canada<br \/>\nBallet Classico, Diane Rivest\/Annick Taillon, Montr\u00e9al, Canada.<br \/>\nTribal Fus\u00edon, Jill Parker, Qu\u00e9bec, Canada.<br \/>\nBallet Classico, Academ\u00eca Annick Taillon, Montr\u00e9al, Canada.<br \/>\nBallet Jazz, Academ\u00eca Broadway, Ste-Marie, Canada.<br \/>\nDark Fuz\u00edon Danza Tribal, Asharah, Qu\u00e9bec, Canada.<br \/>\nTribal Fuz\u00edon Danza, Moria Chappell, Qu\u00e9bec, Canada.<br \/>\nTribal Fuz\u00edon, Kami Liddle, Montr\u00e9al, Canada.<br \/>\nRoman Turca Fuz\u00edon Danza, Elizabeth Strong, Qu\u00e9bec, Canada.<br \/>\nTeatro Realista, Charles Mayer, Montr\u00e9al, Canada.<br \/>\nAcademia de Danza Bozenka&#8217;s Bellydance, Miami Beach, Fl USA.<br \/>\nEscuela de Danza Moderna Ray Sullivan, Miami Beach, Fl USA.<br \/>\nEscuela de Danza Classica Ballet de Miami,&nbsp; Miami, USA.<br \/>\nGustavo Naveira y Giselle Ann -Tango Argentino Seminario, Bs.As. Argentina.<br \/>\nEscuela de Danza Capo\u00efera Na\u00e7ao Mestre DiAlabama, South Beach Miami, Fl USA.<br \/>\nEscuela Argentina de Tango y Escuela Carlos Coppello, Bs.As. Argentina.<br \/>\nEscuela de Circo de Buenos Aires Circo Criollo, Bs.As. Argentina.<br \/>\nEscuela de Circo de Qu\u00e9bec, Qu\u00e9bec, Canada.<br \/>\nAcademia de Teatro Otto Heisenheimer, Montr\u00e9al, Canada.<br \/>\nEscuela de Trapezio Le Noeud D&#8217;Erseau, Montr\u00e9al, Canada.<br \/>\nEscuela de Circo Casa Payaso, Santiago, Chile.<\/p>","protected":false},"excerpt":{"rendered":"<p>CIRCO LOCO: Mexico 1997, Patto y Julie crearon un nuevo Circo international de Calle, el CiRcO LoCo. Viajan la Tierra presentando sus Espectuculos en Eventos Corporativos y Especiales, Festivales y Teatro Itinerante. En la ruta desde mucho tiempo, los vemos hoy como Artista de Circo, bailarines de Tango Argentino, Tirador de Cuchillos y bailarina de<span class=\"dots\"> &hellip; <\/span><span class=\"link-more\"><a href=\"https:\/\/circoloco.com\/es\/\" class=\"more-link\">Read more <span class=\"screen-reader-text\">\u00abBiografia\u00bb<\/span><\/a><\/span><\/p>\n","protected":false},"author":2,"featured_media":0,"parent":0,"menu_order":1,"comment_status":"closed","ping_status":"closed","template":"","meta":{"ngg_post_thumbnail":0,"footnotes":""},"class_list":["post-2","page","type-page","status-publish","hentry"],"_links":{"self":[{"href":"https:\/\/circoloco.com\/es\/wp-json\/wp\/v2\/pages\/2","targetHints":{"allow":["GET"]}}],"collection":[{"href":"https:\/\/circoloco.com\/es\/wp-json\/wp\/v2\/pages"}],"about":[{"href":"https:\/\/circoloco.com\/es\/wp-json\/wp\/v2\/types\/page"}],"author":[{"embeddable":true,"href":"https:\/\/circoloco.com\/es\/wp-json\/wp\/v2\/users\/2"}],"replies":[{"embeddable":true,"href":"https:\/\/circoloco.com\/es\/wp-json\/wp\/v2\/comments?post=2"}],"version-history":[{"count":124,"href":"https:\/\/circoloco.com\/es\/wp-json\/wp\/v2\/pages\/2\/revisions"}],"predecessor-version":[{"id":494,"href":"https:\/\/circoloco.com\/es\/wp-json\/wp\/v2\/pages\/2\/revisions\/494"}],"wp:attachment":[{"href":"https:\/\/circoloco.com\/es\/wp-json\/wp\/v2\/media?parent=2"}],"curies":[{"name":"wp","href":"https:\/\/api.w.org\/{rel}","templated":true}]}}