{"id":12,"date":"2011-06-17T01:29:21","date_gmt":"2011-06-17T01:29:21","guid":{"rendered":"http:\/\/circoloco.com\/?page_id=12"},"modified":"2019-02-11T19:56:32","modified_gmt":"2019-02-11T19:56:32","slug":"show","status":"publish","type":"page","link":"https:\/\/circoloco.com\/fr\/show\/","title":{"rendered":"Spectacle"},"content":{"rendered":"<p><\/p>\n<table>\n<tbody>\n<tr>\n<td><img loading=\"lazy\" decoding=\"async\" class=\"alignright size-full wp-image-63\" title=\"CiRcO-LoCo-Archive-81lo\" alt=\"\" src=\"http:\/\/circoloco.com\/wp-content\/uploads\/2011\/06\/CiRcO-LoCo-Archive-81lo.jpg\" width=\"192\" height=\"280\" srcset=\"https:\/\/circoloco.com\/wp-content\/uploads\/2011\/06\/CiRcO-LoCo-Archive-81lo.jpg 410w, https:\/\/circoloco.com\/wp-content\/uploads\/2011\/06\/CiRcO-LoCo-Archive-81lo-205x300.jpg 205w\" sizes=\"auto, (max-width: 192px) 100vw, 192px\" \/><\/td>\n<td>\n<blockquote><p>\u00ab\u00a0&#8230;Myst\u00e8re Exotik, Ambiance Enivrante. D&rsquo;un Navire-Voyageur remplit de Pays, arrive un Duo insatiable de Conqu\u00eate et d&rsquo;intensit\u00e9. Pr\u00eats \u00e0 tout pour S\u00e9duire leur public, c&rsquo;est avec Astuce et Pirateries qu&rsquo;ils vous transporteront dans leur Monde Myst\u00e9rieux et Envo\u00fbtant&#8230;\u00a0\u00bb<\/p><\/blockquote>\n<h2>GiTango Show<\/h2>\n<p><em>Spectacle Cabaret-Cirque de 35 minutes;<\/em><br \/>\nTango Argentin, Danse Tribal Belly, Jonglerie de Couteaux, Feu, Fouet, \u00c9quilibre sur \u00c9chelle, Voleadoras (Folklore Argentin), Echasses,\u00a0 Acrobaties, Danger, Th\u00e9atre, Passion.<\/p>\n<p>Pr\u00e9sentation du Spectacle en totalit\u00e9 ET\/OU possibilit\u00e9 de Num\u00e9ros \u00e0 la carte, selon vos besoins.<\/td>\n<\/tr>\n<\/tbody>\n<\/table>\n<blockquote>\n<h2>Devis Technique<\/h2>\n<\/blockquote>\n<p>   Sc\u00e8ne Int\u00e9rieure\/Sc\u00e8ne Ext\u00e9rieure.<br \/>\n   Espace Minimum de Perfomance:<br \/>\n   Sc\u00e8ne de 20&prime; X 20&prime; (5m X 6m)\u00a0 ou Cercle de 25&prime; (8m) Diam\u00e8tre.<\/p>\n<p>   Hauteur Minimum Libre sur toute la Sc\u00e8ne: 15&prime; (4.5m).<\/p>\n<p>   Surface: Droite, Rigide, S\u00e8che, Lisse.<br \/>\n   ex: Bois ou autre surfaces dures. (pas de tapis)<\/p>\n<p>   Temps de R\u00e9p\u00e9tition de 45 minutes pour Son et \u00c9clairage; pr\u00e9sence obligatoire du sonorisateur et de l&rsquo;\u00e9clairagiste.<\/p>\n<p>   Option Feu \u00e0 discuter pour pr\u00e9sentation Int\u00e9rieure.<\/p>","protected":false},"excerpt":{"rendered":"<p>\u00ab\u00a0&#8230;Myst\u00e8re Exotik, Ambiance Enivrante. D&rsquo;un Navire-Voyageur remplit de Pays, arrive un Duo insatiable de Conqu\u00eate et d&rsquo;intensit\u00e9. Pr\u00eats \u00e0 tout pour S\u00e9duire leur public, c&rsquo;est avec Astuce et Pirateries qu&rsquo;ils vous transporteront dans leur Monde Myst\u00e9rieux et Envo\u00fbtant&#8230;\u00a0\u00bb GiTango Show Spectacle Cabaret-Cirque de 35 minutes; Tango Argentin, Danse Tribal Belly, Jonglerie de Couteaux, Feu, Fouet,<span class=\"dots\"> &hellip; <\/span><span class=\"link-more\"><a href=\"https:\/\/circoloco.com\/fr\/show\/\" class=\"more-link\">Read more <span class=\"screen-reader-text\">\u00ab\u00a0Spectacle\u00a0\u00bb<\/span><\/a><\/span><\/p>\n","protected":false},"author":2,"featured_media":0,"parent":0,"menu_order":4,"comment_status":"closed","ping_status":"closed","template":"","meta":{"ngg_post_thumbnail":0,"footnotes":""},"class_list":["post-12","page","type-page","status-publish","hentry"],"_links":{"self":[{"href":"https:\/\/circoloco.com\/fr\/wp-json\/wp\/v2\/pages\/12","targetHints":{"allow":["GET"]}}],"collection":[{"href":"https:\/\/circoloco.com\/fr\/wp-json\/wp\/v2\/pages"}],"about":[{"href":"https:\/\/circoloco.com\/fr\/wp-json\/wp\/v2\/types\/page"}],"author":[{"embeddable":true,"href":"https:\/\/circoloco.com\/fr\/wp-json\/wp\/v2\/users\/2"}],"replies":[{"embeddable":true,"href":"https:\/\/circoloco.com\/fr\/wp-json\/wp\/v2\/comments?post=12"}],"version-history":[{"count":28,"href":"https:\/\/circoloco.com\/fr\/wp-json\/wp\/v2\/pages\/12\/revisions"}],"predecessor-version":[{"id":407,"href":"https:\/\/circoloco.com\/fr\/wp-json\/wp\/v2\/pages\/12\/revisions\/407"}],"wp:attachment":[{"href":"https:\/\/circoloco.com\/fr\/wp-json\/wp\/v2\/media?parent=12"}],"curies":[{"name":"wp","href":"https:\/\/api.w.org\/{rel}","templated":true}]}}