{"id":2,"date":"2011-06-14T17:53:48","date_gmt":"2011-06-14T17:53:48","guid":{"rendered":"http:\/\/circoloco.com\/?page_id=2"},"modified":"2023-09-13T05:14:21","modified_gmt":"2023-09-13T05:14:21","slug":"bio","status":"publish","type":"page","link":"https:\/\/circoloco.com\/fr\/","title":{"rendered":"Biographie"},"content":{"rendered":"<p><\/p>\n<blockquote><p><strong>CIRCO LOCO est un Duo d&rsquo;Artistes de cirque fond\u00e9 en 1997, compos\u00e9 de Patto &amp; Julie. Natifs de Montr\u00e9al, ils voyagent autour du globe et pr\u00e9sentent leurs spectacles dans toutes sortes d&rsquo;\u00e9v\u00e8nements sp\u00e9ciaux, priv\u00e9s et publics. <\/strong><\/p>\n<p style=\"text-align: justify;\">Sur la route depuis ce temps, on les retrouve aujourd&rsquo;hui comme Artistes de Cirque, danseurs de Tango Argentin, Lanceur de Couteaux et Danseuse Tribal.<\/p>\n<\/blockquote>\n<h2>Apparitions<\/h2>\n<p>Downtown Victoria Buskers Festival, British Colombia, Canada<\/p>\n<p>Casa de la Cultura, Playa del Carmen, Mexico<\/p>\n<p>Waterloo Busker Carnival, Waterloo, Ontario, Canada<\/p>\n<p>International&nbsp; Dundas Buskerfest, Dundas, Ontario, Canada<\/p>\n<p>Toronto Buskerfest, Toronto, Ontario, Canada<\/p>\n<p>Port Credit Buskerfest<\/p>\n<p>F\u00eate de l&rsquo;Halloween, La Pocati\u00e8re, Qu\u00e9bec, Canada<\/p>\n<p>Inter-Play Festival, Fort McMurray, Alberta, Canada<\/p>\n<p>Buskers on the Boardwalk, St-John, New-Brunswick, Canada<\/p>\n<p>Concerts de la Cit\u00e9, Sherbrooke, Qu\u00e9bec, Canada<\/p>\n<p>Dundas International Buskerfest, Dundas, Ontario, Canada<\/p>\n<p>Canadian National Exhibition, Toronto, Ontario, Canada<\/p>\n<p>Mood Indigo Festival, Mumba\u00ef, India<\/p>\n<p>Waterloo Busker Carnival, Waterloo, Ontario, Canada<\/p>\n<p>MAP&rsquo;s Festival, Qu\u00e9bec, Canada<\/p>\n<p>Street Artists Festival, Vevey, Suisse<\/p>\n<p>Bayside Market Place, Miami, Florida, USA.<\/p>\n<p>Ocean Dr. and Lincoln Rd., South Miami Beach, Florida, USA<\/p>\n<p>ArtDeco Weekend, South Miami Beach, Florida, USA.<\/p>\n<p>\u00c9v\u00e9nement Cabaret Dream Night Club, Le Cabaret du Chat Noir, South Miami Beach, Florida, USA.<\/p>\n<p>400i\u00e8me Anniversaire Ville de Qu\u00e9bec, Vieux-Qu\u00e9bec, Canada.<\/p>\n<p>Vieux-Qu\u00e9bec, Qu\u00e9bec, Canada.<\/p>\n<p>F\u00eate de la Saint-Jean Baptiste, St-Eustache, Qc, Canada.<\/p>\n<p>\u00c9v\u00e9nement Cabaret de Compagnie T\u00e9l\u00e9-Mundo, Miami, Florida, USA.<\/p>\n<p>Annual Christmas Broadway Fest, Queens, New York, USA.<\/p>\n<p>Cirque\u00a0\u00bbLa Luna Caballera\u00a0\u00bb, Festivals des Couleurs d&rsquo;Autrefois N.-D. Du Rosaire, Qc, Canada.<\/p>\n<p>Savannah pier, Georgia, USA.<\/p>\n<p>RedLand Rennaissance Fair, Homestead, FLorida, USA.<\/p>\n<p>Sunset Celebration at Mallory Square, Key West, Florida, USA.<\/p>\n<p>Mondial des Amuseurs Publics, Trois-Rivi\u00e8res, Qc, Canada.<\/p>\n<p>Foire Agricole d&rsquo;Acton Vale, Acton Vale, Qc, Canada.<\/p>\n<p>Festival des Mongolfi\u00e8res de B\u00e9cancour, B\u00e9cancour, Qc, Canada.<\/p>\n<p>Festival du Vieux-Quai en F\u00eate, Sept-\u00eeles, Qc, Canada.<\/p>\n<p>F\u00eates Gourmandes Delisle, Alma, Qc, Canada.<\/p>\n<p>F\u00eate du Canada, Val-D&rsquo;Or, Qc, Canada.<\/p>\n<p>F\u00eate de la Saint-Jean Baptiste, Chicoutimi, Qc, Canada.<\/p>\n<p>Festival Montr\u00e9al en Lumi\u00e8re, Mtl, Qc, Canada.<\/p>\n<p>Festival des Amuseurs Publics, Cap de la Madeleine, Qc, Canada.<\/p>\n<p>\u00c9venement Corporatif de Cascades Canada Inc., Qc, Canada.<\/p>\n<p>F\u00eates Gourmandes de L&rsquo;\u00eele de Montr\u00e9al, Qc, Canada.<\/p>\n<p>Festival d&rsquo;\u00c9t\u00e9 de Qu\u00e9bec, Qu\u00e9bec, Canada.<\/p>\n<p>Festival International de Jazz de Montr\u00e9al, Qc, Canada.<\/p>\n<p>\u00c9v\u00e9nement Sp\u00e9cial-Promotionnel du Gouvernement du Qu\u00e9bec aux \u00c9tats-Unis \u00ab\u00a0Qu\u00e9bec-On-Hudson Tour\u00a0\u00bb, New York State, USA.<\/p>\n<p>Vieux-Port de Montr\u00e9al, Qc, Canada.<\/p>\n<p>F\u00eate du Canada, Ottawa, Ont, Canada.<\/p>\n<p>F\u00eate de la Saint-Jean Baptiste, Montr\u00e9al, Qc, Canada.<\/p>\n<p>F\u00eates du Travail de la Ville de Mtl, Vieux-Montr\u00e9al, Qc, Canada.<\/p>\n<p>Cabaret du Festival Juste pour Rire, Montr\u00e9al, Qc, Canada.<\/p>\n<p>Ville de St-Sauveur, Qc, Canada.<\/p>\n<p>Festival Juste pour Rire, Qc, Canada.<\/p>\n<p>F\u00eate de la Saint-Jean Baptiste, Sherbrooke, Qc, Canada.<\/p>\n<p>F\u00eate de la Ville de Varennes, Qc, Canada.<\/p>\n<h2>Formations\/Ateliers<\/h2>\n<p>Salsa, Roberto Arrenales Jr, Longueuil, Canada.<br \/>\nBurlesque, Mlle Oui Oui Encore, Montr\u00e9al, Canada.<br \/>\nPopping, Studio Montr\u00e9al-Paris, Mecdy\u00a0\u00bbVenom\u00a0\u00bb, Montr\u00e9al, Canada.<br \/>\nJazz Comtemporain technique Simonson, Liisa Saario, Montr\u00e9al, Canada.<br \/>\nBallet Classique, Diane Rivest\/Annick Taillon, Montr\u00e9al, Canada.<br \/>\nTribal Fusion, Jill Parker, Qu\u00e9bec, Canada.<br \/>\nBallet Classique, Acad\u00e9mie Annick Taillon, Montr\u00e9al, Canada.<br \/>\nBallet Jazz, Acad\u00e9mie Broadway, Ste-Marie, Canada.<br \/>\nDark Fusion Danse Tribale, Asharah, Qu\u00e9bec, Canada.<br \/>\nTribal Fusion, Moria Chappell, Qu\u00e9bec, Canada.<br \/>\nTribal Fusion, Kami Liddle, Montr\u00e9al, Canada.<br \/>\nGitan Rom Fusion, Elizabeth Strong, Qu\u00e9bec, Canada.<br \/>\nTh\u00e9atre R\u00e9aliste, Charles Mayer, Montr\u00e9al, Canada.-<br \/>\nAcademie de Danse Bozenka&rsquo;s Bellydance, Miami Beach, Fl USA.<br \/>\n\u00c9cole de Danse Moderne Ray Sullivan, Miami Beach, Fl USA.<br \/>\n\u00c9cole de Ballet Classique de Miami,&nbsp; Miami, USA. .<br \/>\nGustavo Naveira y Giselle Ann -Tango Argentino Seminario, Bs.As. Argentina.<br \/>\n\u00c9cole de Danse Capo\u00efera Na\u00e7ao Mestre DiAlabama, South Beach Miami, Fl USA.<br \/>\nEscuela Argentina de Tango y Escuela Carlos Coppello, Bs.As. Argentina.<br \/>\n\u00c9cole de Cirque de Buenos Aires Circo Criollo, Bs.As. Argentina.<br \/>\n\u00c9cole de Cirque de Qu\u00e9bec, Qu\u00e9bec Canada.<br \/>\nAcad\u00e9mie de Th\u00e9atre Otto Heisenheimer, Montr\u00e9al, Canada.<br \/>\n\u00c9cole de Trap\u00e8ze Le Noeud D&rsquo;Erseau, Montr\u00e9al, Canada.<br \/>\n\u00c9cole de Cirque Casa Payaso, Santiago, Chile.<\/p>","protected":false},"excerpt":{"rendered":"<p>CIRCO LOCO est un Duo d&rsquo;Artistes de cirque fond\u00e9 en 1997, compos\u00e9 de Patto &amp; Julie. Natifs de Montr\u00e9al, ils voyagent autour du globe et pr\u00e9sentent leurs spectacles dans toutes sortes d&rsquo;\u00e9v\u00e8nements sp\u00e9ciaux, priv\u00e9s et publics. Sur la route depuis ce temps, on les retrouve aujourd&rsquo;hui comme Artistes de Cirque, danseurs de Tango Argentin, Lanceur<span class=\"dots\"> &hellip; <\/span><span class=\"link-more\"><a href=\"https:\/\/circoloco.com\/fr\/\" class=\"more-link\">Read more <span class=\"screen-reader-text\">\u00ab\u00a0Biographie\u00a0\u00bb<\/span><\/a><\/span><\/p>\n","protected":false},"author":2,"featured_media":0,"parent":0,"menu_order":1,"comment_status":"closed","ping_status":"closed","template":"","meta":{"ngg_post_thumbnail":0,"footnotes":""},"class_list":["post-2","page","type-page","status-publish","hentry"],"_links":{"self":[{"href":"https:\/\/circoloco.com\/fr\/wp-json\/wp\/v2\/pages\/2","targetHints":{"allow":["GET"]}}],"collection":[{"href":"https:\/\/circoloco.com\/fr\/wp-json\/wp\/v2\/pages"}],"about":[{"href":"https:\/\/circoloco.com\/fr\/wp-json\/wp\/v2\/types\/page"}],"author":[{"embeddable":true,"href":"https:\/\/circoloco.com\/fr\/wp-json\/wp\/v2\/users\/2"}],"replies":[{"embeddable":true,"href":"https:\/\/circoloco.com\/fr\/wp-json\/wp\/v2\/comments?post=2"}],"version-history":[{"count":124,"href":"https:\/\/circoloco.com\/fr\/wp-json\/wp\/v2\/pages\/2\/revisions"}],"predecessor-version":[{"id":494,"href":"https:\/\/circoloco.com\/fr\/wp-json\/wp\/v2\/pages\/2\/revisions\/494"}],"wp:attachment":[{"href":"https:\/\/circoloco.com\/fr\/wp-json\/wp\/v2\/media?parent=2"}],"curies":[{"name":"wp","href":"https:\/\/api.w.org\/{rel}","templated":true}]}}